{"id":588,"date":"2025-05-28T09:42:26","date_gmt":"2025-05-28T07:42:26","guid":{"rendered":"https:\/\/angleagencement.com\/?page_id=588"},"modified":"2025-05-28T09:42:26","modified_gmt":"2025-05-28T07:42:26","slug":"a-propos-langle-votre-menuiserie-artisanale-a-la-garde-83","status":"publish","type":"page","link":"https:\/\/angleagencement.com\/index.php\/a-propos-langle-votre-menuiserie-artisanale-a-la-garde-83\/","title":{"rendered":"\u00c0 propos &#8211; L&rsquo;Angle, votre menuiserie artisanale \u00e0 La Garde (83)"},"content":{"rendered":"\n<p class=\"has-text-align-center\">Depuis <strong>1997<\/strong>, la menuiserie<strong> L&rsquo;Angle<\/strong> concr\u00e9tise vos projets avec passion et professionnalisme. Implant\u00e9e \u00e0 <strong>La Garde<\/strong>, notre entreprise artisanale s&rsquo;est impos\u00e9e comme une r\u00e9f\u00e9rence en <strong>menuiserie int\u00e9rieure<\/strong> et <strong>agencement sur mesure<\/strong> dans l&rsquo;agglom\u00e9ration Toulonnaise.<\/p>\n\n\n\n<h2 class=\"wp-block-heading\">Un savoir-faire reconnu, une \u00e9quipe engag\u00e9e<\/h2>\n\n\n\n<p>Forte de <strong>plus de 30 collaborateurs<\/strong>, notre \u00e9quipe contient :<\/p>\n\n\n\n<ul class=\"wp-block-list\">\n<li>une <strong>vingtaine de menuisiers, poseurs et agenceurs<\/strong> qualifi\u00e9s ;<\/li>\n\n\n\n<li><strong>3 conducteurs de travaux<\/strong> experts en menuiserie int\u00e9rieure ;<\/li>\n\n\n\n<li><strong>1 responsable d\u00e9di\u00e9 \u00e0 la menuiserie ext\u00e9rieure<\/strong> ;<\/li>\n\n\n\n<li>et <strong>3 collaboratrices au service administratif<\/strong>, \u00e0 votre \u00e9coute au quotidien.<\/li>\n<\/ul>\n\n\n\n<p>Sous la direction de <strong>Monsieur Roland CATUREGLI (Pr\u00e9sident)<\/strong> et <strong>Monsieur Olivier MISMER (Directeur G\u00e9n\u00e9ral)<\/strong>, L&rsquo;Angle \u00e9volue avec un objectif clair : <strong>rester fid\u00e8le \u00e0 l&rsquo;exigence du travail bien fait<\/strong>, tout en innovant pour mieux r\u00e9pondre \u00e0 vos attentes.<\/p>\n\n\n\n<h2 class=\"wp-block-heading\">Un service complet, du sur-mesure \u00e0 la pose<\/h2>\n\n\n\n<p>En 2020, nous avons \u00e9largi notre activit\u00e9 avec un <strong>p\u00f4le menuiserie ext\u00e9rieure<\/strong>, vous proposant :<\/p>\n\n\n\n<ul class=\"wp-block-list\">\n<li>fen\u00eatres,<\/li>\n\n\n\n<li>portes,<\/li>\n\n\n\n<li>volets,<\/li>\n\n\n\n<li>fermetures en bois, PVC ou aluminium.<\/li>\n<\/ul>\n\n\n\n<p>Nous intervenons dans tout le d\u00e9partement du <strong>Var<\/strong>, aussi bien pour des <strong>particuliers<\/strong>, des <strong>professionnels<\/strong>, que pour des <strong>march\u00e9s publics<\/strong>.<\/p>\n\n\n\n<h2 class=\"wp-block-heading\">Une approche artisanale, un accompagnement personnalis\u00e9<\/h2>\n\n\n\n<p>Nous avons mis en place un <strong>p\u00f4le SAV<\/strong> r\u00e9actif pour assurer un suivi optimal apr\u00e8s vos travaux, <em>parce que chaque projet est unique<\/em>.<\/p>\n\n\n\n<p><\/p>\n","protected":false},"excerpt":{"rendered":"<p>Depuis 1997, la menuiserie L&rsquo;Angle concr\u00e9tise vos projets avec passion et professionnalisme. Implant\u00e9e \u00e0 La Garde, notre entreprise artisanale s&rsquo;est impos\u00e9e comme une r\u00e9f\u00e9rence en menuiserie int\u00e9rieure et agencement sur mesure dans l&rsquo;agglom\u00e9ration Toulonnaise. Un savoir-faire reconnu, une \u00e9quipe engag\u00e9e Forte de plus de 30 collaborateurs, notre \u00e9quipe contient : Sous la direction de Monsieur&hellip; <br \/> <a class=\"read-more\" href=\"https:\/\/angleagencement.com\/index.php\/a-propos-langle-votre-menuiserie-artisanale-a-la-garde-83\/\">Read more<\/a><\/p>\n","protected":false},"author":3,"featured_media":0,"parent":0,"menu_order":0,"comment_status":"closed","ping_status":"closed","template":"","meta":{"footnotes":""},"class_list":["post-588","page","type-page","status-publish","hentry"],"_links":{"self":[{"href":"https:\/\/angleagencement.com\/index.php\/wp-json\/wp\/v2\/pages\/588","targetHints":{"allow":["GET"]}}],"collection":[{"href":"https:\/\/angleagencement.com\/index.php\/wp-json\/wp\/v2\/pages"}],"about":[{"href":"https:\/\/angleagencement.com\/index.php\/wp-json\/wp\/v2\/types\/page"}],"author":[{"embeddable":true,"href":"https:\/\/angleagencement.com\/index.php\/wp-json\/wp\/v2\/users\/3"}],"replies":[{"embeddable":true,"href":"https:\/\/angleagencement.com\/index.php\/wp-json\/wp\/v2\/comments?post=588"}],"version-history":[{"count":1,"href":"https:\/\/angleagencement.com\/index.php\/wp-json\/wp\/v2\/pages\/588\/revisions"}],"predecessor-version":[{"id":589,"href":"https:\/\/angleagencement.com\/index.php\/wp-json\/wp\/v2\/pages\/588\/revisions\/589"}],"wp:attachment":[{"href":"https:\/\/angleagencement.com\/index.php\/wp-json\/wp\/v2\/media?parent=588"}],"curies":[{"name":"wp","href":"https:\/\/api.w.org\/{rel}","templated":true}]}}